{"id":9,"date":"2014-02-27T23:09:18","date_gmt":"2014-02-27T21:09:18","guid":{"rendered":"http:\/\/tkdku.ericberg.de\/?page_id=9"},"modified":"2021-05-28T15:41:52","modified_gmt":"2021-05-28T13:41:52","slug":"wir-ueber-uns","status":"publish","type":"page","link":"http:\/\/taekwon-do-kulmbach.de\/?page_id=9","title":{"rendered":"WIR \u00dcBER UNS"},"content":{"rendered":"<p><img loading=\"lazy\" decoding=\"async\" class=\" wp-image-118 alignleft\" src=\"http:\/\/tkdku.ericberg.de\/wp-content\/uploads\/2017\/12\/Aman-Portland-2015-472x1024.jpg\" alt=\"\" width=\"122\" height=\"265\" srcset=\"http:\/\/taekwon-do-kulmbach.de\/wp-content\/uploads\/2017\/12\/Aman-Portland-2015-472x1024.jpg 472w, http:\/\/taekwon-do-kulmbach.de\/wp-content\/uploads\/2017\/12\/Aman-Portland-2015-138x300.jpg 138w, http:\/\/taekwon-do-kulmbach.de\/wp-content\/uploads\/2017\/12\/Aman-Portland-2015.jpg 531w\" sizes=\"auto, (max-width: 122px) 100vw, 122px\" \/><\/p>\n<p><span style=\"font-family: arial, helvetica, sans-serif; font-size: 14pt;\"><strong>Schulleitung:<\/strong><\/span><br \/>\n<span style=\"font-family: arial, helvetica, sans-serif; font-size: 14pt;\">Dr. Ralph-J\u00f6rg Aman<\/span><br \/>\n<span style=\"font-family: arial, helvetica, sans-serif; font-size: 14pt;\">geb. 22.11.1962<\/span><br \/>\n<span style=\"font-family: arial, helvetica, sans-serif; font-size: 14pt;\">Facharzt f\u00fcr Orthop\u00e4die, Sportmedizin und Chirotherapie<br \/>\nAkupunktur, Zentrum f\u00fcr Knochengesundheit<br \/>\nArzt f\u00fcr Fitness und Pr\u00e4vention,<\/span><br \/>\n<span style=\"font-family: arial, helvetica, sans-serif;\"><span style=\"font-size: 14pt;\">6. Dan<\/span><\/span><\/p>\n<p style=\"text-align: justify;\"><span style=\"font-size: 14pt;\"><span class=\"Normal-C3\"><span style=\"font-family: arial, helvetica, sans-serif;\">1985 hatte ich nach intensiver Aus\u00fcbung verschiedenster Sportarten (Schwimmen, Triathlon, Boxen, Fitness u.a.) zum Taekwon-Do gefunden.\u00a0 Meinem ersten Lehrer, Herrn Gro\u00dfmeister Efstatios Papdellis (6. Dan Erlangen) und Herrn Ulrich Kestel, der das Uni-Taekwon-DO leitete, bin ich daf\u00fcr bis heute zutiefst dankbar.\u00a0 Es folgten Lehrjahre bei Herrn Gro\u00dfmeister Joachim Reinhardt (7. Dan, Kempten), bis ich schlie\u00dflich 1995 ein direkter Sch\u00fcler von Gro\u00dfmeister Kwon, Jae-Hwa (7. Dan, USA) wurde. In diesem Jahr <\/span><\/span><span style=\"font-family: arial, helvetica, sans-serif;\">hatte ich auch begonnen in Eisenberg (Th\u00fcringen) regelm\u00e4\u00dfig Taekwon-Do selbst zu unterrichten. 1996 wurde von mir das \u201e<strong>Traditionelle Taekwon-Do Center Eisenberg e. V.<\/strong>\u201c gegr\u00fcndet. Auf Grund der gro\u00dfen Beliebtheit unserer Kampfkunst baute ich Gruppen in Stadtroda, Jena und Weimar auf, mit der tatkr\u00e4ftigen Unterst\u00fctzung der Co-Trainer Axel Schulze, Matthias Bolz, J\u00fcrgen Albert und Eric Berg.<\/span><\/span><\/p>\n<p style=\"text-align: justify;\"><span style=\"font-family: arial, helvetica, sans-serif; font-size: 14pt;\">2001 ergriff ich die Chance, mich in meiner Heimatstadt Kulmbach als Arzt niederzulassen. Seitdem bin ich als Facharzt f\u00fcr Orthop\u00e4die, Sportmedizin und Chirotherapie in eigener <a href=\"http:\/\/orthopaedie-kulmbach.de\/\">Praxis<\/a> t\u00e4tig. Zus\u00e4tzlich habe ich die Bezeichnung \u201cArzt f\u00fcr Pr\u00e4vention und Fitnesstraining\u201d erlangt und mit orthop\u00e4dischen Kollegen das \u201cZentrum f\u00fcr Knochengesundheit Kulmbach\u201d gegr\u00fcndet.<\/span><\/p>\n<p style=\"text-align: justify;\"><span style=\"font-size: 14pt;\"><span style=\"font-family: arial, helvetica, sans-serif;\">Durch den Ortswechsel wollte ich auch in Kulmbach Taekwon-Do anbieten und gr\u00fcndete 2001 das \u201e<strong>Taekwon-Do Center Kulmbach e.V.<\/strong>&#8220; als eingetragenen, gemeinn\u00fctzigen Verein. Meine Schule in Eisenberg und die angeschlossenen Gruppen wurden 2009 an einen Sch\u00fcler \u00fcbergeben.<br \/>\n<\/span><span style=\"font-family: arial, helvetica, sans-serif;\">Zu meinem Lehrer: <\/span><span class=\"Normal-C3\"><span style=\"font-family: arial, helvetica, sans-serif;\">Gro\u00dfmeister Kwon, Jae-Hwa hatte 1965 zusammen mit einem f\u00fcnfk\u00f6pfigen Gro\u00dfmeisterteam diese faszinierende Kampfkunst im Auftrag der koreanischen Regierung nach Europa gebracht.\u00a0 Die Leitung des Teams war General Choi, Hong-Hi der Begr\u00fcnder des Taekwon-Do in seiner jetzigen Form \u00fcbertragen worden. Dieser hatte zusammen mit weiteren Gro\u00dfmeistern, Gelehrten und Vertretern der Politik 1955 den neuen Namen der Kampfkunst &#8222;Taekwon-Do&#8220; erschaffen. Taekwon-Do besteht aus Hyong (Formenlauf), Kyek pa (Bruchtest) und Taeryon (Kampf). Es ist eine waffenlose Kunst der Selbstverteidigung, die ohne Kontakt (allenfalls Leichtkontakt bei Trainings\u00fcbungen) ausge\u00fcbt wird. Die geistige Haltung wurzelt im &#8222;Zen&#8220;.<br \/>\nIn diesem Sinne unterrichte ich. Im Februar 2015 legte ich in Portland (USA) bei Herrn Gro\u00dfmeister Kwon, Jae-Hwa die Pr\u00fcfung zum 6. Dan ab. Nach 50 Jahren intensiver Aufbauarbeit in Europa beendete Gro\u00dfmeister Kwon, Jae-Hwa seine Verbandsarbeit. Er unterrichtete in seiner Schule in Portland (USA) noch bis zum 7.4.2018. Es war mir eine besondere Ehre an seiner letzten aktiven Unterrichtsstunde teilnehmen zu d\u00fcrfen. Wir stehen noch immer in engem Kontakt.<br \/>\n<\/span><\/span><\/span><\/p>\n<p style=\"text-align: justify;\"><span style=\"font-size: 14pt;\">N<span class=\"Normal-C3\"><span style=\"font-family: arial, helvetica, sans-serif;\">icht zuletzt auch wegen meiner beruflichen Ausrichtung lege ich gr\u00f6\u00dften Wert auf die Ausarbeitung der gesundheitsf\u00f6rdernden Aspekte des traditionellen Taekwon-Do ebenso wie mein langj\u00e4hriger Lehrer Gro\u00dfmeister Kwon, Jae-Hwa. Taekwon-Do baut auf, f\u00f6rdert die Gesundheit von Geist und K\u00f6rper und zerst\u00f6rt nicht. Sie k\u00f6nnen bei mir Taekwon-Do in seiner ursr\u00fcnglichen und einzig wahren Form erlernen, so wie ich es \u00fcber Jahrzehnte von Gro\u00dfmeister Kwon, Jae-Hwa gelehrt bekommen habe, nicht mehr, aber auch nicht weniger. Ich kann Ihnen versichern, das ist eine ganze Menge und reicht f\u00fcr mehr als ein Leben.\u00a0<\/span> <\/span><\/span><\/p>\n<p style=\"text-align: justify;\"><span style=\"font-family: helvetica, arial, sans-serif; font-size: 14pt;\">\u00a0<\/span><\/p>\n<p style=\"text-align: justify;\"><span class=\"Normal-C3\" style=\"font-family: helvetica,arial,sans-serif; font-size: 10pt;\"><span style=\"color: #41372e;\">\u00a0<\/span><\/span><\/p>\n","protected":false},"excerpt":{"rendered":"<p>Schulleitung: Dr. Ralph-J\u00f6rg Aman geb. 22.11.1962 Facharzt f\u00fcr Orthop\u00e4die, Sportmedizin und Chirotherapie Akupunktur, Zentrum f\u00fcr Knochengesundheit Arzt f\u00fcr Fitness und Pr\u00e4vention, 6. Dan 1985 hatte ich nach intensiver Aus\u00fcbung verschiedenster Sportarten (Schwimmen, Triathlon, Boxen, Fitness u.a.) zum Taekwon-Do gefunden.\u00a0 Meinem ersten Lehrer, Herrn Gro\u00dfmeister Efstatios Papdellis (6. Dan Erlangen) und Herrn Ulrich Kestel, der das&hellip;<\/p>\n","protected":false},"author":1,"featured_media":0,"parent":0,"menu_order":3,"comment_status":"closed","ping_status":"closed","template":"","meta":{"footnotes":""},"class_list":["post-9","page","type-page","status-publish","hentry"],"_links":{"self":[{"href":"http:\/\/taekwon-do-kulmbach.de\/index.php?rest_route=\/wp\/v2\/pages\/9","targetHints":{"allow":["GET"]}}],"collection":[{"href":"http:\/\/taekwon-do-kulmbach.de\/index.php?rest_route=\/wp\/v2\/pages"}],"about":[{"href":"http:\/\/taekwon-do-kulmbach.de\/index.php?rest_route=\/wp\/v2\/types\/page"}],"author":[{"embeddable":true,"href":"http:\/\/taekwon-do-kulmbach.de\/index.php?rest_route=\/wp\/v2\/users\/1"}],"replies":[{"embeddable":true,"href":"http:\/\/taekwon-do-kulmbach.de\/index.php?rest_route=%2Fwp%2Fv2%2Fcomments&post=9"}],"version-history":[{"count":12,"href":"http:\/\/taekwon-do-kulmbach.de\/index.php?rest_route=\/wp\/v2\/pages\/9\/revisions"}],"predecessor-version":[{"id":772,"href":"http:\/\/taekwon-do-kulmbach.de\/index.php?rest_route=\/wp\/v2\/pages\/9\/revisions\/772"}],"wp:attachment":[{"href":"http:\/\/taekwon-do-kulmbach.de\/index.php?rest_route=%2Fwp%2Fv2%2Fmedia&parent=9"}],"curies":[{"name":"wp","href":"https:\/\/api.w.org\/{rel}","templated":true}]}}