{"id":11,"date":"2014-02-27T23:10:07","date_gmt":"2014-02-27T21:10:07","guid":{"rendered":"http:\/\/tkdku.ericberg.de\/?page_id=11"},"modified":"2025-07-12T00:24:59","modified_gmt":"2025-07-11T22:24:59","slug":"informationen","status":"publish","type":"page","link":"http:\/\/taekwon-do-kulmbach.de\/?page_id=11","title":{"rendered":"INFORMATIONEN"},"content":{"rendered":"<p style=\"text-align: justify;\"><span style=\"font-size: 14pt;\"><strong>Was ist Taekwon-Do?<\/strong><\/span><\/p>\n<p class=\"Normal-P0\" style=\"text-align: justify;\"><span class=\"Normal-C4\"><span style=\"color: #41372e; font-family: Arial;\"><span style=\"font-size: 14pt;\">Taekwon-Do ist eine koreanische Kunst der waffenlosen Selbstverteidigung, die durch einen fast zweitausendj\u00e4hrigen Prozess geformt wurde. Frei \u00fcbersetzt hei\u00dft Taekwon-Do \u201e\u2026Kunst oder Weg des Fu\u00df- und Faustkampfes &#8230;\u201c Es \u00e4hnelt dem japanischen Karate und dem chinesischen Kung Fu, da es sich aus der gleichen geistigen Haltung, dem \u201eZen\u201c entwickelt hat.<\/span><br \/><span style=\"font-size: 14pt;\">Die Grundidee ist durch Bewegung K\u00f6rper und Geist in Einklang zu bringen. Denn nur in diesem Zustand ist der Mensch zu h\u00f6chsten Leistungen f\u00e4hig. Er lernt Geist und K\u00f6rper zu beherrschen, \u00c4ngste mit Selbstvertrauen abzuwehren und kann so die Schwierigkeiten im t\u00e4glichen Leben besser meistern. Gleichzeitig gelingt es durch die regelm\u00e4\u00dfige \u00dcbung auch den modernen Hauptgefahren f\u00fcr unsere Gesundheit (Bewegungsmangel, sitzende Berufe, \u00dcbergewicht, Genusssucht, Fehlern\u00e4hrung, Stress\u2026.) wirksam entgegen zu treten. Die Philosophie des traditionellen Taekwon-Do besteht nicht in der Zerst\u00f6rung eines Gegners, sondern in der Pers\u00f6nlichkeitsentwicklung und Gesunderhaltung des Einzelnen.<\/span> <\/span><\/span><\/p>\n<p><img loading=\"lazy\" decoding=\"async\" class=\"aligncenter size-full wp-image-116\" src=\"http:\/\/tkdku.ericberg.de\/wp-content\/uploads\/2017\/12\/wp01f2fc1d_0f.jpg\" alt=\"\" width=\"319\" height=\"297\" srcset=\"http:\/\/taekwon-do-kulmbach.de\/wp-content\/uploads\/2017\/12\/wp01f2fc1d_0f.jpg 319w, http:\/\/taekwon-do-kulmbach.de\/wp-content\/uploads\/2017\/12\/wp01f2fc1d_0f-300x279.jpg 300w\" sizes=\"auto, (max-width: 319px) 100vw, 319px\" \/><\/p>\n<p style=\"text-align: justify;\"><span style=\"font-family: arial, helvetica, sans-serif; font-size: 14pt;\"><span class=\"Normal-C4\"><span class=\"Normal-C3\">Gro\u00dfmeister Kwon, Jae-Hwa hatte 1965 zusammen mit einem f\u00fcnfk\u00f6pfigen Gro\u00dfmeisterteam diese faszinierende Kampfkunst im Auftrag der koreanischen Regierung nach Europa gebracht.\u00a0 Mit der Leitung des Teams war General Choi, Hong-Hi, der Begr\u00fcnder des Taekwon-Do in seiner jetzigen Form beauftragt worden. Dieser hatte zusammen mit weiteren Gro\u00dfmeistern, Gelehrten und Vertretern der Politik 1955 den Namen &#8222;Taewkon-Do&#8220; gew\u00e4hlt. Taekwon-Do wird ohne Halb- oder Vollkontakt ausgef\u00fchrt (allenfalls Leichtkontakt bei Trainings\u00fcbungen). Es besteht aus drei Disziplinen: <em>Hyong<\/em> (Formenlauf), <em>Taeryon<\/em> (Kampf) und <em>Kyek-Pa<\/em> (Bruchtest).<br \/>Irritierend mag f\u00fcr den aussenstehenden Betrachter das &#8222;olympische&#8220; Taekwondo sein. Dieser Kampfsport hat sich zwar aus dem Taekwon-Do entwickelt, sollte aber eigentlich anders benannt werden. Das alleinige Weglassen des Bindestrichs in der Schreibweise spiegelt nicht die erheblichen und grundlegenden \u00c4nderungen wieder, die das &#8222;olympische Taekwondo&#8220; als reiner Wettkampfsport erfahren hat. Hier wird z.B. mit Vollkontakt und Schutzwesten gearbeitet, es findet kein Formenlauf statt und kein Bruchtest u.v.m.<\/span><\/span><\/span><\/p>\n<p style=\"text-align: justify;\"><span style=\"font-size: 14pt;\">T<span style=\"font-family: arial, helvetica, sans-serif;\">aekwon-Do ist Bewegung f\u00fcr K\u00f6rper und Geist. Es vermittelt Respekt, H\u00f6flichkeit, Bescheidenheit und Selbstdisziplin, f\u00f6rdert Koordination und Reaktion, aber auch Geduld und Ausdauer. <span class=\"Normal-C4\">Ob Meister oder Anf\u00e4nger, jung oder alt, Taekwon-Do beansprucht die mentalen ebenso wie die physischen Kr\u00e4fte und F\u00e4higkeiten und f\u00f6rdert ihr harmonisches Zusammenspiel durch jahrelanges Training. <\/span><span class=\"Normal-C4\">Es ist eine lebenslange Herausforderung und Chance zugleich, k\u00f6rperliche Gesundheit und geistige St\u00e4rke zu erlangen und zu erhalten.<\/span><\/span><\/span><\/p>\n<p><span style=\"font-size: 14pt;\"><strong><br \/><span style=\"font-family: arial, helvetica, sans-serif;\">Werden Kinder von Taekwon-Do aggressiv oder gewaltt\u00e4tig?<\/span><\/strong><\/span><\/p>\n<p style=\"text-align: justify;\"><span style=\"font-family: arial, helvetica, sans-serif; font-size: 14pt;\">Sicher nicht. Es ist eher das Gegenteil der Fall. Traditionelles Taekwon-Do lehrt Selbstkontrolle und Respekt. Es wird gelehrt, da\u00df die einzig richtige Art, einen Konflikt zu l\u00f6sen, eine gewaltfreie L\u00f6sung ist. Denn es braucht viel mehr Kraft und Selbstbewu\u00dftsein einfach wegzugehen, als sich zu pr\u00fcgeln. Ausserdem k\u00f6nnen die Kinder ihre aggressive und \u00fcbersch\u00fcssige Energie im Training abbauen, welche sonst wom\u00f6glich negativ eingesetzt w\u00fcrde. Die Kinder lernen Disziplin. Sie m\u00fcssen sich an die Regeln der Schule halten. Sie m\u00fcssen kontinuierlich an ihren Techniken arbeiten um besser zu werden. Damit lernen sie auch sich \u00fcber einen l\u00e4ngere Zeitraum mit einem Problem zu besch\u00e4ftigen bzw. zu konzentrieren.<\/span><\/p>\n<p><span style=\"font-family: arial, helvetica, sans-serif; font-size: 14pt;\"><strong>Taekwon-Do aus sportmedizinischer Sicht<\/strong><\/span><\/p>\n<p style=\"text-align: justify;\"><span style=\"font-family: arial, helvetica, sans-serif; font-size: 14pt;\">&#8222;Im Vordergrund steht die Ausgewogenheit und enorme Vielfalt, die traditionelles Taekwon-Do bietet. Alle sportlichen Hauptbelastungsformen werden trainiert (Ausdauer, Kraft, Schnelligkeit, Beweglichkeit, Geandtheit, Koordination) unter strikter Vermeidung einseitiger Belastung. Es erfolgt ein ganzheitliches Training mit dem kompletten Bewegungsausma\u00df s\u00e4mtlicher K\u00f6rperabschnitte in allen Richtungen des Raumes, wodurch insbesondere auch chronischen Sch\u00e4den am Bewegungsapparat wirkungsvoll vorgebeut wird. Unterst\u00fctzend kommen die umfangreiche Budogymnastik und Haltungsschulung zum Tragen, die in jeder Trainingseinheit zum Pflichtprogramm geh\u00f6ren. Diese positiven Effekte des kontinuierlichen Taekwon-Do Trainings wirken sich g\u00fcnstig swowohl auf die k\u00f6rperliche Fitness als auch auf die Psyche und das Allgemeinbefinden aus.&#8220;<\/span><\/p>\n<p><span style=\"font-family: arial, helvetica, sans-serif; font-size: 14pt;\"><em>Dr. med. Ralph J\u00f6rg Aman<br \/>Facharzt f\u00fcr Orthop\u00e4die, Chirotherapie, Sportmedizin<\/em><\/span><\/p>\n<p><span style=\"font-family: arial, helvetica, sans-serif; font-size: 14pt;\"><strong>Zusammenarbeit mit weiteren Schulen<\/strong><\/span><\/p>\n<p style=\"text-align: justify;\"><span style=\"font-family: arial, helvetica, sans-serif; font-size: 14pt;\">Wir arbeiten ausschlie\u00dflich mit Schulen zusammen, die sich dem Taekwon-Do verbunden sehen, als sogenanntes Budo-Lehrsystem mit den geistigen Grundgedanken der Zen-Philosophie. Grundlinie, Vorbild und Ma\u00dfstab ist die Lehrweise von Gro\u00dfmeister Kwon, Jae-Hwa, dem &#8222;Urvater&#8220; des Taekwon-Do in Europa. Hierbei ist nicht nur gemeint wie das Bewegen von Hand (Kwon) und Fu\u00df (Tae) gelehrt werden sollte, sondern insbesondere auch wie der Weg gegangen, wie die geistige Entwicklung gef\u00f6rdert, wie die Lehre verbreitet und wie die Zusammenarbeit im Taekwon-Do erfolgen sollte, eben das &#8222;Do&#8220;.<\/span><\/p>\n<p>&nbsp;<\/p>\n<p style=\"text-align: justify;\">\u00a0<\/p>\n\n\n<p><br><\/p>\n\n\n\n<p><\/p>\n\n\n\n<p><br><\/p>\n","protected":false},"excerpt":{"rendered":"<p>Was ist Taekwon-Do? Taekwon-Do ist eine koreanische Kunst der waffenlosen Selbstverteidigung, die durch einen fast zweitausendj\u00e4hrigen Prozess geformt wurde. Frei \u00fcbersetzt hei\u00dft Taekwon-Do \u201e\u2026Kunst oder Weg des Fu\u00df- und Faustkampfes &#8230;\u201c Es \u00e4hnelt dem japanischen Karate und dem chinesischen Kung Fu, da es sich aus der gleichen geistigen Haltung, dem \u201eZen\u201c entwickelt hat.Die Grundidee ist&hellip;<\/p>\n","protected":false},"author":1,"featured_media":0,"parent":9,"menu_order":1,"comment_status":"closed","ping_status":"closed","template":"","meta":{"footnotes":""},"class_list":["post-11","page","type-page","status-publish","hentry"],"_links":{"self":[{"href":"http:\/\/taekwon-do-kulmbach.de\/index.php?rest_route=\/wp\/v2\/pages\/11","targetHints":{"allow":["GET"]}}],"collection":[{"href":"http:\/\/taekwon-do-kulmbach.de\/index.php?rest_route=\/wp\/v2\/pages"}],"about":[{"href":"http:\/\/taekwon-do-kulmbach.de\/index.php?rest_route=\/wp\/v2\/types\/page"}],"author":[{"embeddable":true,"href":"http:\/\/taekwon-do-kulmbach.de\/index.php?rest_route=\/wp\/v2\/users\/1"}],"replies":[{"embeddable":true,"href":"http:\/\/taekwon-do-kulmbach.de\/index.php?rest_route=%2Fwp%2Fv2%2Fcomments&post=11"}],"version-history":[{"count":29,"href":"http:\/\/taekwon-do-kulmbach.de\/index.php?rest_route=\/wp\/v2\/pages\/11\/revisions"}],"predecessor-version":[{"id":1094,"href":"http:\/\/taekwon-do-kulmbach.de\/index.php?rest_route=\/wp\/v2\/pages\/11\/revisions\/1094"}],"up":[{"embeddable":true,"href":"http:\/\/taekwon-do-kulmbach.de\/index.php?rest_route=\/wp\/v2\/pages\/9"}],"wp:attachment":[{"href":"http:\/\/taekwon-do-kulmbach.de\/index.php?rest_route=%2Fwp%2Fv2%2Fmedia&parent=11"}],"curies":[{"name":"wp","href":"https:\/\/api.w.org\/{rel}","templated":true}]}}